{"id":718,"date":"2024-01-25T07:27:32","date_gmt":"2024-01-25T07:27:32","guid":{"rendered":"https:\/\/2024.automl.cc\/?page_id=718"},"modified":"2024-01-25T07:27:32","modified_gmt":"2024-01-25T07:27:32","slug":"hotel-recommendations","status":"publish","type":"page","link":"https:\/\/2024.automl.cc\/?page_id=718","title":{"rendered":"Hotel Recommendations"},"content":{"rendered":"\n<p>Besides checking booking.com and Airbnb, here is a list of possible hotels in Paris:<\/p>\n\n\n\n<p><strong>H\u00f4tel Saint Christophe ***<\/strong><br>17 rue Lac\u00e9p\u00e8de&nbsp;75005 Paris<\/p>\n\n\n\n<p><strong>Citadines Austerlitz Paris<\/strong><br>27 Rue Esquirol,\u00a075013 Paris<\/p>\n\n\n\n<p><strong>H\u00f4tel inn Paris Place d\u2019Italie<\/strong><br>178 Bd Vincent Auriol,\u00a075013 Paris<\/p>\n\n\n\n<p><strong>H\u00f4tel Mercure Paris Ivry Quai de Seine<\/strong><br>5 All. de la Seine,\u00a094200 Ivry-sur-Seine<\/p>\n\n\n\n<p><strong>Grand H\u00f4tel Nouvel Op\u00e9ra<\/strong><br>152 Av. Ledru Rollin,\u00a075011 Paris<\/p>\n\n\n\n<p><strong>Grand H\u00f4tel Dechampaigne<\/strong><br>17 Rue Jean Lantier,\u00a075001 Paris<br><br><strong>H\u00f4tel Novotel Paris 13 Porte d\u2019Italie<\/strong><br>22 Rue Voltaire,\u00a094270 Le Kremlin-Bic\u00eatre<br><br><strong>H\u00f4tel ibis Paris Porte de Bercy<\/strong><br>2 Pl. de l\u2019Europe,\u00a094220 Charenton-le-Pont<\/p>\n\n\n\n<p><strong>H\u00f4tel Beaubourg<\/strong><br>11 Rue Simon le Franc,\u00a075004 Paris<\/p>\n\n\n\n<p><strong>Absolute h\u00f4tel Paris<\/strong><br>1 Rue de la Fontaine au Roi, 75011 Paris<\/p>\n\n\n\n<p><strong>Grand H\u00f4tel des Gobelins ***<\/strong><br>57 bd Saint Marcel 75013 Paris<\/p>\n\n\n\n<p><strong>Mercure Paris Place d\u2019Italie ****<\/strong><br>25 bd Auguste Blanqui 75013 Paris<\/p>\n\n\n\n<p><strong>Ibis Paris avenue d\u2019Italie***<\/strong><br>15 bis avenue d\u2019Italie 75013 Paris<\/p>\n\n\n\n<p><strong>H\u00f4tel du Jardin des Plantes***<\/strong><br>5 rue Linn\u00e9 75005 Paris<\/p>\n\n\n\n<p><strong>H\u00f4tel du Coll\u00e8ge de France ***<\/strong><br>7 rue Thenard 75005 Paris<\/p>\n","protected":false},"excerpt":{"rendered":"<p>Besides checking booking.com and Airbnb, here is a list of possible hotels in Paris: H\u00f4tel Saint Christophe ***17 rue Lac\u00e9p\u00e8de&nbsp;75005 Paris Citadines Austerlitz Paris27 Rue Esquirol,\u00a075013 Paris H\u00f4tel inn Paris Place d\u2019Italie178 Bd Vincent Auriol,\u00a075013 Paris H\u00f4tel Mercure Paris Ivry Quai de Seine5 All. de la Seine,\u00a094200 Ivry-sur-Seine Grand H\u00f4tel Nouvel Op\u00e9ra152 Av. Ledru Rollin,\u00a075011 [&hellip;]<\/p>\n","protected":false},"author":1,"featured_media":0,"parent":0,"menu_order":0,"comment_status":"closed","ping_status":"closed","template":"","meta":{"footnotes":""},"class_list":["post-718","page","type-page","status-publish","hentry"],"_links":{"self":[{"href":"https:\/\/2024.automl.cc\/index.php?rest_route=\/wp\/v2\/pages\/718","targetHints":{"allow":["GET"]}}],"collection":[{"href":"https:\/\/2024.automl.cc\/index.php?rest_route=\/wp\/v2\/pages"}],"about":[{"href":"https:\/\/2024.automl.cc\/index.php?rest_route=\/wp\/v2\/types\/page"}],"author":[{"embeddable":true,"href":"https:\/\/2024.automl.cc\/index.php?rest_route=\/wp\/v2\/users\/1"}],"replies":[{"embeddable":true,"href":"https:\/\/2024.automl.cc\/index.php?rest_route=%2Fwp%2Fv2%2Fcomments&post=718"}],"version-history":[{"count":0,"href":"https:\/\/2024.automl.cc\/index.php?rest_route=\/wp\/v2\/pages\/718\/revisions"}],"wp:attachment":[{"href":"https:\/\/2024.automl.cc\/index.php?rest_route=%2Fwp%2Fv2%2Fmedia&parent=718"}],"curies":[{"name":"wp","href":"https:\/\/api.w.org\/{rel}","templated":true}]}}